{"id":195,"date":"2019-11-09T09:12:54","date_gmt":"2019-11-09T08:12:54","guid":{"rendered":"http:\/\/www.mirabiledictu-icff.com\/?page_id=195"},"modified":"2019-11-09T09:12:54","modified_gmt":"2019-11-09T08:12:54","slug":"2013-final-competition","status":"publish","type":"page","link":"https:\/\/www.mirabiledictu-icff.com\/?page_id=195","title":{"rendered":"2013 Final Competition"},"content":{"rendered":"\n<p><strong>Best film<\/strong><br><\/p>\n\n\n\n<ul class=\"wp-block-list\"><li>No\u00eblle di David Wall, USA<\/li><li>Silent Night di Christian Vuissa, Austria<\/li><li>Ma\u00ecn. La casa della felicit\u00e0 di Simone Spada, Italy<\/li><\/ul>\n\n\n\n<p><strong>Best Director<\/strong><br><\/p>\n\n\n\n<ul class=\"wp-block-list\"><li>David Wall, No\u00eblle, USA<\/li><li>Michael Angelo Dag\u00f1alan, Freedom From Chains, Philippines<\/li><li>Pierre Barnerias, Il \u00e9tait une foi, France<\/li><\/ul>\n\n\n\n<p><strong>Best leading actress \/ actor<\/strong><br><\/p>\n\n\n\n<ul class=\"wp-block-list\"><li>Micko Laurente (Freedom from Chains, di Michael Angelo Dag\u00f1alan), Philippines<\/li><li>Katia Miran (Je m\u2019appelle Bernadette di Jean Sagols), France<\/li><li>Gaia Insegna (Ma\u00ecn. La casa della felicit\u00e0) di Simone Spada, Italy<\/li><\/ul>\n\n\n\n<p><strong>Best documentary<\/strong><br><\/p>\n\n\n\n<ul class=\"wp-block-list\"><li>Io credo, di Vicen\u00e7 Vila, Catalogna (Spain)<\/li><li>7 ans de conviction di Ariel Camacho, France<\/li><li>A Bishop on the Way of the Cross, di Cristian Amza, Romania<\/li><\/ul>\n\n\n\n<p><strong>Best short film<\/strong><br><\/p>\n\n\n\n<ul class=\"wp-block-list\"><li>Pour l\u2019amour de l\u2019Amour, di Michel-Marie Zanotti-Sorkine, France<\/li><li>L\u2019Escale, di Serge Goriely, Suitzerland<\/li><li>What to bring to America di Christophe Nassif, France<\/li><\/ul>\n\n\n\n<p><strong>Capax Dei Foudation Award<\/strong><br><\/p>\n\n\n\n<ul class=\"wp-block-list\"><li>In Her Footsteps: The Story of Kateri Tekakwitha, di Matt Gallagher, prodotto da Salt and Light TV, Canada<\/li><\/ul>\n\n\n\n<p><strong>Longlife Achievement Award<\/strong><br><\/p>\n\n\n\n<ul class=\"wp-block-list\"><li>Marie-Christine Barrault, France<\/li><\/ul>\n","protected":false},"excerpt":{"rendered":"<div class=\"slide-text-bg2\"><span>Best film No\u00eblle di David Wall, USA Silent Night di Christian Vuissa, Austria Ma\u00ecn. La casa della felicit\u00e0 di Simone Spada, Italy Best Director David Wa<\/span><\/div>\n<div class=\"slide-btn-area-sm\"><a href=\"https:\/\/www.mirabiledictu-icff.com\/?page_id=195\" class=\"slide-btn-sm\">Lire la suite<\/a><\/div>\n","protected":false},"author":1,"featured_media":0,"parent":0,"menu_order":0,"comment_status":"closed","ping_status":"closed","template":"","meta":{"footnotes":""},"class_list":["post-195","page","type-page","status-publish","hentry"],"_links":{"self":[{"href":"https:\/\/www.mirabiledictu-icff.com\/index.php?rest_route=\/wp\/v2\/pages\/195","targetHints":{"allow":["GET"]}}],"collection":[{"href":"https:\/\/www.mirabiledictu-icff.com\/index.php?rest_route=\/wp\/v2\/pages"}],"about":[{"href":"https:\/\/www.mirabiledictu-icff.com\/index.php?rest_route=\/wp\/v2\/types\/page"}],"author":[{"embeddable":true,"href":"https:\/\/www.mirabiledictu-icff.com\/index.php?rest_route=\/wp\/v2\/users\/1"}],"replies":[{"embeddable":true,"href":"https:\/\/www.mirabiledictu-icff.com\/index.php?rest_route=%2Fwp%2Fv2%2Fcomments&post=195"}],"version-history":[{"count":1,"href":"https:\/\/www.mirabiledictu-icff.com\/index.php?rest_route=\/wp\/v2\/pages\/195\/revisions"}],"predecessor-version":[{"id":196,"href":"https:\/\/www.mirabiledictu-icff.com\/index.php?rest_route=\/wp\/v2\/pages\/195\/revisions\/196"}],"wp:attachment":[{"href":"https:\/\/www.mirabiledictu-icff.com\/index.php?rest_route=%2Fwp%2Fv2%2Fmedia&parent=195"}],"curies":[{"name":"wp","href":"https:\/\/api.w.org\/{rel}","templated":true}]}}