{"id":183,"date":"2019-11-08T21:02:40","date_gmt":"2019-11-08T20:02:40","guid":{"rendered":"http:\/\/www.mirabiledictu-icff.com\/?page_id=183"},"modified":"2019-11-08T21:02:40","modified_gmt":"2019-11-08T20:02:40","slug":"2014-press-release","status":"publish","type":"page","link":"https:\/\/www.mirabiledictu-icff.com\/?page_id=183","title":{"rendered":"2014 Press Release"},"content":{"rendered":"\n<h2 class=\"wp-block-heading\"><strong>Un \u00ab Ap\u00f4tre \u00bb de courage<\/strong><\/h2>\n\n\n\n<p>Famille Chr\u00e9tienne &#8211; 2014-07-07<br>Par \u00c9douard Huber<\/p>\n\n\n\n<p><strong>Montrant les pr\u00e9jug\u00e9s auxquels doivent faire face les convertis de l\u2019islam,&nbsp;<em>L\u2019Ap\u00f4tre<\/em>&nbsp;a \u00e9t\u00e9 prim\u00e9 au festival du film du Vatican.<br><\/strong><\/p>\n\n\n\n<p style=\"text-align:left\">Cheyenne-Marie Carron a vu son film\u00a0<em>L\u2019Ap\u00f4tre<\/em>, r\u00e9compens\u00e9 le 3 juillet par la Capax Dei Foundation. Cette fondation, pr\u00e9sid\u00e9e par Liana Marabini, organise, sous le patronage du Conseil pontifical pour la culture, le festival de cin\u00e9ma du Vatican Mirabile Dictu. C\u2019est la cinqui\u00e8me ann\u00e9e qu\u2019a lieu ce festival. C\u2019est aussi son cinqui\u00e8me film que r\u00e9alise Cheyenne Carron. Le sujet en est br\u00fblant, car il s\u2019agit de la conversion d\u2019un jeune musulman au christianisme. Le film ne cherche pas la pol\u00e9mique et \u00e9vite tout pros\u00e9lytisme d\u00e9plac\u00e9. Le jeune Akim vit dans une famille fran\u00e7aise apparemment bien int\u00e9gr\u00e9e et tranquille. Lui et son fr\u00e8re Youssef se destinent \u00e0 devenir imams. Ils participent r\u00e9guli\u00e8rement \u00e0 la pri\u00e8re musulmane commune et suivent les enseignements islamiques.<\/p>\n\n\n\n<p>Un assassinat a lieu dans le quartier : la s\u0153ur d\u2019un pr\u00eatre est poignard\u00e9e par un voisin. Le pr\u00eatre d\u00e9cide de continuer de r\u00e9sider aupr\u00e8s de la famille de l\u2019assassin car il sent que cela les aide \u00e0 vivre. Akim est interloqu\u00e9 d\u2019une d\u00e9cision si peu naturelle. Son admiration pour l\u2019attitude du pr\u00eatre va \u00eatre son chemin d\u2019acc\u00e8s \u00e0 la d\u00e9couverte du Christ. Mais si lui trouve normal d\u2019avancer sur cette voie, qu\u2019il d\u00e9couvre lumineuse et pacifique, son fr\u00e8re Youssef, et toute sa communaut\u00e9, ne l\u2019entendent pas ainsi. Karim va d\u00e9couvrir ce qu\u2019il en co\u00fbte de vouloir quitter l\u2019islam.<\/p>\n\n\n\n<p><em>L\u2019Ap\u00f4tre<\/em>\u00a0ne cherche nullement \u00e0 dresser le christianisme contre l\u2019islam. S\u2019il montre l\u2019attitude hostile des musulmans envers ceux d\u2019entre eux qui veulent se convertir, c\u2019est par un souci de v\u00e9rit\u00e9, dont Cheyenne-Marie Carron t\u00e9moigne avec un \u00e9vident courage. Mais elle le fait avec la volont\u00e9 affich\u00e9e de lutter contre les pr\u00e9jug\u00e9s. Non pas d\u2019abord les pr\u00e9jug\u00e9s qu\u2019on nous invite toujours \u00e0 combattre, ceux que les Fran\u00e7ais de tradition chr\u00e9tienne auraient \u00e0 l\u2019encontre des musulmans, mais bien ceux que les musulmans ont \u00e0 l\u2019encontre des chr\u00e9tiens. Car c\u2019est pour les musulmans que ce film est fait. Et s\u2019il est douteux que la fin, trop ir\u00e9nique, les \u00e9branle beaucoup, en tout cas la mise en relief de leurs a priori et de leur violence a de quoi les interpeller. Film de v\u00e9rit\u00e9 et de justice, c\u2019est aussi un film de courage et de paix.<\/p>\n\n\n\n<p style=\"text-align:right\">\u00c9douard Huber<\/p>\n\n\n\n<p>L\u2019Ap\u00f4tre<em>\u00a0\u00e9tait l\u2019un des trois films s\u00e9lectionn\u00e9s pour le premier prix au festival Mirabile Dictu, avec l\u2019am\u00e9ricain The Letters(de William Riead) et l\u2019espagnol Un Dios prohibido(de Pablo Moreno). Ce dernier film a re\u00e7u le Poisson d\u2019argent du meilleur film.<\/em><\/p>\n\n\n\n<h2 class=\"wp-block-heading\"><strong>Catholic &lsquo;Oscars&rsquo; announce their nominees<\/strong><\/h2>\n\n\n\n<p>Rome Reports<br>2014-06-21<\/p>\n\n\n\n<p>The International Catholic Film Festival &lsquo;Mirabile Dictu&rsquo; announced last week the movies shortlisted fir its top award, the Silver Fish.<\/p>\n\n\n\n<p>Among the nominees is the French production \u00ab\u00a0The Apostle.\u201d It tells the story of a Muslim called to be an imam, who finds Christ. The American production &lsquo;The Letters,&rsquo; a biopic on the life of Mother Teresa, is also in running.<br><\/p>\n\n\n\n<p>Spanish film &lsquo;A Forbidden God,&rsquo; is among the favorites in the competition, known as the Catholic &lsquo;Oscars.&rsquo;<br><\/p>\n\n\n\n<p>LIANA MARABINI<br><sup>President, Mirabile Dictu Film Festival<\/sup><br><em>\u00ab\u00a0There&rsquo;s another beautiful film, very beautiful film that is called &lsquo;Un Dios Prohibido&rsquo;. Wonderful film. It is also in final competition for best film and best leading actor.\u201d<\/em><\/p>\n\n\n\n<p>Set in the early days of the Spanish Civil War, it tells the martyrdom of 51 religious, most of them seminarians.Organizers believe that the Mirabile Dictu Film Festival, now in its fifth edition, gets more quality and recognition every year.<br><\/p>\n\n\n\n<p>MSGR. FRANCO PERAZZOLO<br><sup>Pontifical Council for Culture<\/sup><br><em>\u00ab\u00a0This year&rsquo;s edition is about maturity&#8230; We have to take a stand for quality, and we hope to do it right. The movies nominated in this edition should also give a push to the kind of cinema that we want to promote.\u201d<\/em><br><\/p>\n\n\n\n<p>Overall, more than 1,600 movies from 120 countries sent in entries in the competition.<br><\/p>\n\n\n\n<p>On June 26 the jury will announce which one gets the prized and characteristic award of the festival, the Silver Fish.<br><\/p>\n\n\n\n<p><a rel=\"noreferrer noopener\" href=\"http:\/\/www.romereports.com\/pg157375-catholic-oscars-announce-their-nominees-en\" target=\"_blank\">Watch the video here.<\/a><\/p>\n\n\n\n<h2 class=\"wp-block-heading\"><strong>Los Oscar del cine cat\u00f3lico dan a conocer sus pel\u00edculas finalistas<\/strong><\/h2>\n\n\n\n<p>El festival internacional de cine cat\u00f3lico Mirabile Dictu present\u00f3 las pel\u00edculas que optan al Pez de Plata.<br><\/p>\n\n\n\n<p>Entre las nominadas est\u00e1n la francesa \u00ab\u00a0El Ap\u00f3stol\u201d, que cuenta la historia de un musulm\u00e1n que descubre a Cristo. Tambi\u00e9n la estadounidense \u00ab\u00a0The Letters\u201d, un biopic sobre la vida de la Madre Teresa de Calcuta.\u00a0<br><\/p>\n\n\n\n<p>La espa\u00f1ola \u00ab\u00a0Un Dios Prohibido\u201d tambi\u00e9n est\u00e1 entre de las favoritas del certamen, conocido como \u00ab\u00a0los Oscar del cine cat\u00f3lico\u201d.<br><\/p>\n\n\n\n<p>LIANA MARABINI<br><sup>Presidenta, festival Mirabile Dictu<\/sup><br><em>\u00ab\u00a0&lsquo;Un Dios prohibido&rsquo; es una pel\u00edcula muy bonita, maravillosa&#8230; Est\u00e1 entre los finalistas con una nominaci\u00f3n a mejor pel\u00edcula y otra a mejor actor principal\u201d.\u00a0<\/em><br><\/p>\n\n\n\n<p>Situada en Barbastro en los comienzos de la Guerra Civil espa\u00f1ola, narra el martirio de 51 religiosos, gran parte de ellos seminaristas.<br><\/p>\n\n\n\n<p>Por pel\u00edculas como esta, los organizadores del festival piensan que Mirabile Dictu gana cada vez m\u00e1s en calidad y reconocimiento.<br><\/p>\n\n\n\n<p>MONS. FRANCO PERAZZOLO<br><sup>Pontificio Consejo para la Cultura<\/sup><br><em>\u00ab\u00a0La edici\u00f3n de este a\u00f1o es la edici\u00f3n de la madurez&#8230; Tenemos que dar el salto de calidad. Esperemos hacerlo. Sobre todo con estas pel\u00edculas que tambi\u00e9n deber\u00edan dar un empuje al tipo de cine que queremos presentar\u201d.<\/em><br><\/p>\n\n\n\n<p>En total, m\u00e1s de 1.600 pel\u00edculas de 120 pa\u00edses se presentaron a la competici\u00f3n.\u00a0<br><\/p>\n\n\n\n<p>Habr\u00e1 que esperar al jueves 26 de junio para saber qui\u00e9n ganar\u00e1 el preciado y caracter\u00edstico premio del certamen, el Pez de Plata.<br><\/p>\n\n\n\n<p><a rel=\"noreferrer noopener\" href=\"http:\/\/www.romereports.com\/pg157375-los-oscar-del-cine-catolico-dan-a-conocer-sus-peliculas-finalistas-es\" target=\"_blank\">Ver el video.<\/a><br><\/p>\n\n\n\n<h2 class=\"wp-block-heading\"><strong>Cinema: il film cattolico protagonista di &lsquo;Mirabile Dictu&rsquo; 2014<\/strong><\/h2>\n\n\n\n<p><sup>(AGI) &#8211; Roma, 19 giu.<\/sup><\/p>\n\n\n\n<p>Il Festival Internazionale del Film Cattolico &lsquo;Mirabile Dictu&rsquo; compie cinque anni e fa il salto di qualita&rsquo;. Oltre 1.600 film giunti da 120 Paesi sono stati visionati da una giuria presieduta dal produttore austriaco Norbert Blecha e composta da Monsignor Franco Perazzolo del Pontificio consiglio della cultura, dall&rsquo;attrice Maria Pia Ruspoli, dal buyer di serie tv per la televisione belga Michele Novadic. Tra i tanti film, sono state selezionate cinque terne di finalisti e i vincitori saranno resi noti il 26 giugno.<\/p>\n\n\n\n<p>\u00ab\u00a0Questa quinta edizione e&rsquo; dedicata alla stampa &#8211; ha detto la regista e produttrice Liana Marbini (nella foto), presidente del &lsquo;Mirabile Dictu&rsquo; Internatonal Catholic Film Festival&rsquo;, durante l&rsquo;incontro con la stampa sulla magnifica terrazza dell&rsquo;Istituto Maria Bambina di fronte al colonnato di San Pietro &#8211; perche&rsquo; senza i giornalisti la manifestazione non sarebbe diventata questa vetrina di film che portano i grandi valori nel cuore delle persone. Dal prossimo anno &#8211; annuncia &#8211; ci sara&rsquo; anche un premio assegnato dalla stampa cattolica\u00a0\u00bb. Il festival, nato nel 2010, e&rsquo; diventato un appuntamento importante per produttori e distributori di tutto il mondo che possono sfruttare questa importantissima vetrina per promuovere e presentare i propri film.<\/p>\n\n\n\n<p>\u00ab\u00a0Molte pellicole nei quattro anni passati hanno trovato distributori e sono state acquistate da televisioni importanti &#8211; spiega ancora Liana Marabini -. Siamo cosi&rsquo; arrivati alla quinta edizione grazie a tanto lavoro, costanza e fede\u00a0\u00bb.<\/p>\n\n\n\n<p>Monsignor Perazzolo, vicino al festival fin dalla sua nascita (gli piace dire che sente che &lsquo;Mirabile Dictu&rsquo; e&rsquo; un po&rsquo; \u00ab\u00a0mio figlio\u00a0\u00bb), spiega che il 2014 rappresenta per la manifestazione ideata e diretta da Liana Marabini \u00ab\u00a0il salto di qualita'\u00a0\u00bb.<br><\/p>\n\n\n\n<p>\u00ab\u00a0Questo e&rsquo; l&rsquo;anno della crescita &#8211; dice &#8211; e, come ha spiegato Papa Francesco, bisogna allargare i propri orizzonti. Bisogna far si&rsquo; che anche chi non frequenta il Tempio possa gettare un occhio dentro. Spero che il Festival &lsquo;Mirabile Dictu&rsquo; diventi un punto nodale di questa nuova modalita&rsquo; comunicativa, tra chi frequenta il Tempio e chi sta in piazza. Sia un&rsquo;occasione di confronto e di incontro\u00a0\u00bb.<br><\/p>\n\n\n\n<p>Tra i film finalisti ci sono due opere italiane: &lsquo;Cercavo qualcos&rsquo;altro&rsquo; di Alessio Rupalti nella categoria &lsquo;miglior cortometraggio&rsquo; e &lsquo;Nolite timere&rsquo; di Giuseppe Tandoi che concorre per il &lsquo;miglior documentario&rsquo;.<br><\/p>\n\n\n\n<p>Desta curiosita&rsquo;, tra i documentari, il film del francese Stephane Ghez, &lsquo;Voyage au coeur du Vatican&rsquo;, originale viaggio sopra San Pietro attraverso riprese fatte da droni che mostrano immagini mai viste finora. Le tre pellicole candidate al miglior film, infine, sono: &lsquo;The leters&rsquo; (Usa) di William Riead, &lsquo;Un Dios prohibido&rsquo; (Spagna) di Pablo Moreno e &lsquo;L&rsquo;Apotre&rsquo; (Francia) di Cheyenne-Marie Carron.<\/p>\n\n\n\n<p><\/p>\n\n\n\n<h2 class=\"wp-block-heading\"><strong>Cinema: Festival &lsquo;Mirabile Dictu&rsquo;, quinta edizione al via<\/strong><\/h2>\n\n\n\n<p><sup>La Repubblica. Roma, 19 giu.<\/sup><\/p>\n\n\n\n<p>Il Festival Internazionale del Film Cattolico &lsquo;Mirabile Dictu&rsquo; compie cinque anni e fa il salto di qualita&rsquo;. Oltre 1.600 film giunti da 120 Paesi sono stati visionati da una giuria presieduta dal produttore austriaco Norbert Blecha e composta da Monsignor Franco Perazzolo del Pontificio consiglio della cultura, dall&rsquo;attrice Maria Pia Ruspoli, dal buyer di serie tv per la televisione belga Michele Novadic. Tra i tanti film, sono state selezionate cinque terne di finalisti e i vincitori saranno resi noti il 26 giugno. &lsquo;Questa quinta edizione e&rsquo; dedicata alla stampa &#8211; ha detto la regista e produttrice Liana Marbini, presidente del &lsquo;Mirabile Dictu&rsquo; Internatonal Catholic Film Festival&rsquo; &#8211; perche&rsquo; senza i giornalisti la manifestazione non sarebbe diventata questa vetrina di film che portano i grandi valori nel cuore delle persone. Dal prossimo anno &#8211; annuncia &#8211; ci sara&rsquo; anche un premio assegnato dalla stampa cattolica&rsquo;.\n\n<\/p>\n","protected":false},"excerpt":{"rendered":"<div class=\"slide-text-bg2\"><span>Un \u00ab Ap\u00f4tre \u00bb de courage Famille Chr\u00e9tienne &#8211; 2014-07-07Par \u00c9douard Huber Montrant les pr\u00e9jug\u00e9s auxquels doivent faire face les convertis de l<\/span><\/div>\n<div class=\"slide-btn-area-sm\"><a href=\"https:\/\/www.mirabiledictu-icff.com\/?page_id=183\" class=\"slide-btn-sm\">Lire la suite<\/a><\/div>\n","protected":false},"author":1,"featured_media":0,"parent":0,"menu_order":0,"comment_status":"closed","ping_status":"closed","template":"","meta":{"footnotes":""},"class_list":["post-183","page","type-page","status-publish","hentry"],"_links":{"self":[{"href":"https:\/\/www.mirabiledictu-icff.com\/index.php?rest_route=\/wp\/v2\/pages\/183","targetHints":{"allow":["GET"]}}],"collection":[{"href":"https:\/\/www.mirabiledictu-icff.com\/index.php?rest_route=\/wp\/v2\/pages"}],"about":[{"href":"https:\/\/www.mirabiledictu-icff.com\/index.php?rest_route=\/wp\/v2\/types\/page"}],"author":[{"embeddable":true,"href":"https:\/\/www.mirabiledictu-icff.com\/index.php?rest_route=\/wp\/v2\/users\/1"}],"replies":[{"embeddable":true,"href":"https:\/\/www.mirabiledictu-icff.com\/index.php?rest_route=%2Fwp%2Fv2%2Fcomments&post=183"}],"version-history":[{"count":1,"href":"https:\/\/www.mirabiledictu-icff.com\/index.php?rest_route=\/wp\/v2\/pages\/183\/revisions"}],"predecessor-version":[{"id":184,"href":"https:\/\/www.mirabiledictu-icff.com\/index.php?rest_route=\/wp\/v2\/pages\/183\/revisions\/184"}],"wp:attachment":[{"href":"https:\/\/www.mirabiledictu-icff.com\/index.php?rest_route=%2Fwp%2Fv2%2Fmedia&parent=183"}],"curies":[{"name":"wp","href":"https:\/\/api.w.org\/{rel}","templated":true}]}}