{"id":160,"date":"2019-11-08T18:57:50","date_gmt":"2019-11-08T17:57:50","guid":{"rendered":"http:\/\/www.mirabiledictu-icff.com\/?page_id=160"},"modified":"2019-11-08T18:57:50","modified_gmt":"2019-11-08T17:57:50","slug":"2015-press-articles","status":"publish","type":"page","link":"https:\/\/www.mirabiledictu-icff.com\/?page_id=160","title":{"rendered":"2015 Press Articles"},"content":{"rendered":"\n<h2 class=\"wp-block-heading\">Catholic Film Festival, Mirabile Dictu, to prize top films of the year<\/h2>\n\n\n\n<p>Romereports.com &#8211; 2015-06-24<\/p>\n\n\n\n<figure class=\"wp-block-embed-youtube wp-block-embed is-type-video is-provider-youtube wp-embed-aspect-16-9 wp-has-aspect-ratio\"><div class=\"wp-block-embed__wrapper\">\n<iframe loading=\"lazy\" title=\"Catholic Film Festival, Mirabile Dictu, to prize top films of the year\" width=\"500\" height=\"281\" src=\"https:\/\/www.youtube.com\/embed\/sIngkzk4kTQ?feature=oembed\" frameborder=\"0\" allow=\"accelerometer; autoplay; clipboard-write; encrypted-media; gyroscope; picture-in-picture; web-share\" referrerpolicy=\"strict-origin-when-cross-origin\" allowfullscreen><\/iframe>\n<\/div><\/figure>\n\n\n\n<p>It&rsquo;s called&nbsp;<strong>Mirabile Dictu<\/strong>&nbsp;and it&rsquo;s a Catholic Film Festival promoted by the Vatican. More than 1,000 entries were submitted this year, but only nine made it to the final round. Now they&rsquo;re bidding for best short film, best documentary and best movie.&nbsp;<br>NORBERT BLECHAJury&nbsp;\u00ab\u00a0I think it&rsquo;s wonderful. I&rsquo;ve seen so far very good movies and the quality as it seems are very good.\u201d<br>LIANA MARABINIPresident of Film Festival&nbsp;\u00ab\u00a0We&rsquo;re looking for heroes, stories of faith and hope, especially now because society needs hope.\u201d&nbsp;<br>The finalists include pieces from six countries, four of them from the U.S. Individual categories include best interpretation and best director. In fact, ROME REPORTS is nominated for best director for its documentary on the life of St. Therese of Lisieux, titled &lsquo;The Secret of Therese.\u201d<br>There&rsquo;s also a so called &lsquo;special prize&rsquo; which will be granted to a documentary film titled &lsquo;Madonna del Parto.&rsquo;&nbsp;<br>LIANA MARABINIPresident of Film Festival&nbsp;\u00ab\u00a0Madonna del Parto is actually painted on the walls of a parish in Tuscany. This film delves into the story of the patrons who saved this painting. They carried out an exceptional restoration.\u201d&nbsp;<br>The goal of the festival is to promote Catholic films and ease their entry into mass international platforms. The winners will be announced on June 25th.&nbsp;&nbsp;&nbsp;<\/p>\n\n\n\n<h2 class=\"wp-block-heading\">Festival Mirabile Dictu: riflettori accesi sul cinema cattolico&nbsp;<\/h2>\n\n\n\n<p>Radio Vaticana &#8211; 23\/06\/2015<\/p>\n\n\n\n<p>\u00ab\u00a0Mirabile dictu\u00a0\u00bb \u00e8 il Festival internazionale del cinema cattolico, che si svolger\u00e0 a Roma fino al 25 giugno. La manifestazione, sotto l\u2019alto patronato del Pontificio Consiglio della Cultura, mira a sostenere le opere che promuovono valori morali e modelli positivi. Tredici i film finalisti in concorso nelle diverse categorie. Eugenio Murrali ha chiesto alla regista e presidente, Liana Marabini, come sia nata l\u2019iniziativa:<\/p>\n\n\n\n<p>R. \u2013 Nasce da un desiderio di dare spazio e visibilit\u00e0, in quell\u2019immensa industria che \u00e8 l\u2019industria del cinema, a un genere molto specifico, il cinema cattolico: vale a dire, un cinema con dei film portatori di eroi positivi e valori morali.<\/p>\n\n\n\n<p>D. \u2013 Quindi, un cinema differente?<\/p>\n\n\n\n<p>R. \u2013 S\u00ec, direi differente, perch\u00e9 il cinema cosiddetto di successo quasi sempre presenta eroi che sono s\u00ec avventurieri, ma in fondo sono eroi negativi. Abbiamo quindi pensato di puntare i riflettori su quegli eroi che ci trasmettono un modello di vita, che si rifanno un po\u2019 a Ges\u00f9, perch\u00e9 \u00e8 Ges\u00f9 il modello di vita iniziale. Ecco perch\u00e9 questi film \u2013 che si svolgono e si producono ognuno nel proprio angolino e nel proprio Paese \u2013 avevano bisogno di un palcoscenico su cui potessero essere riuniti. Ogni anno, arrivano sempre pi\u00f9 film e questa \u00e8 una cosa straordinaria. Anche per questa edizione abbiamo ricevuto pi\u00f9 di mille film\u2026<\/p>\n\n\n\n<p>D. \u2013 Quando voi selezionate questi film cosa cercate?<\/p>\n\n\n\n<p>R. \u2013 La scelta \u00e8 ispirata dal valore che il film pu\u00f2 trasmettere: quindi dal suo valore ispirazionale, vale a dire dal suo potere di evangelizzazione. Sono film girati da registi anche importanti, con attori importanti, che mettono le vesti di personaggi che ci ispirano e che ci dicono: esiste qualcosa dopo la morte? La vostra esistenza va modellata in modo che quando arrivate alla fine della vita non abbiate niente di cui rimproverarvi.<\/p>\n\n\n\n<p>D. \u2013 In questa edizione vediamo anche uno sguardo ampio sul mondo: la partecipazione internazionale \u00e8 importante\u2026<\/p>\n\n\n\n<p>R. \u2013 S\u00ec, \u00e8 molto importante. Perch\u00e9 il Festival \u00e8 internazionale, perch\u00e9 la Chiesa \u00e8 internazionale. E\u2019 l\u2019unica organizzazione che appartiene a tutto il mondo. Abbiamo film che arrivano dal Libano, dal Paraguay, dalla Corea, dalla Francia, dalla Spagna\u2026 Siamo veramente molto contenti. Quest\u2019anno, poi, ogni film presenta una storia di vita. Vorrei citare in particolare \u00ab\u00a0Right Footed\u00a0\u00bb di Nicholas Park, che ci racconta il caso di Jessica Cox, una ragazza nata senza braccia, ma \u2013 pensate \u2013 \u00a0la prima pilota con brevetto: ha ottenuto infatti un brevetto e pilota gli aerei senza braccia, usando solo le gambe. E\u2019 anche cintura nera di karate\u2026 Abbiamo poi film bellissimi e documentari, sia tra i corti che tra i film per il cinema. \u201cIn my Brother&rsquo;s Shoes\u201d \u00e8 un cortometraggio che racconta la storia di un soldato americano: desiderava visitare il Vaticano, ma viene ucciso in Iraq. Quando i suoi effetti personali vengono inviati a casa, li riceve il fratello e trova le scarpe. Allora il fratello, per realizzare quel sogno, si mette le sue scarpe e fa questo viaggio in Vaticano dagli Stati Uniti e vede quello che il fratello avrebbe voluto vedere\u2026 Sono moltissimi i film. Tutti belli.<\/p>\n\n\n\n<p>D. \u2013 Quindi ,storie di fede e di coraggio\u2026<\/p>\n\n\n\n<p>R. \u2013 Esatto. Per questo parlo di eroi positivi. Anche quando si nasce meno fortunati, con la fede \u2013 tutti questi personaggi hanno una forte fede \u2013 si riesce a superare qualsiasi ostacolo.<\/p>\n\n\n\n<p>D. \u2013 C\u2019\u00e8 qualche particolarit\u00e0 quest\u2019anno, qualche novit\u00e0?<\/p>\n\n\n\n<p>R. \u2013 S\u00ec, ci sar\u00e0 una novit\u00e0, che sar\u00e0 una specie di scoop: la comunicher\u00f2 la sera delle premiazioni. Ma vorrei aggiungere questo: anche grazie al Festival notiamo uno sviluppo importante del film cattolico, a livello di grandi studios. Si \u00e8 capito che il genere pu\u00f2 essere molto, molto soddisfacente: per tutti, sia per chi li produce che per chi li guarda.<\/p>\n\n\n\n<p>D. \u2013 Valore significa anche qualit\u00e0\u2026<\/p>\n\n\n\n<p>R. \u2013 Qualit\u00e0 e soprattutto qualit\u00e0 dei messaggi trasmessi. Perch\u00e9 quello di cui oggi la gente ha bisogno sono modelli, sono messaggi che parlino al cuore. Siamo troppo spesso confrontati con modelli fisici di bellezza irraggiungibile o modelli finanziari di gente estremamente ricca. Ma ci sar\u00e0 sempre uno pi\u00f9 ricco o pi\u00f9 bello di te\u2026 Quindi, abbiamo bisogno di modelli spirituali che sono quelli che mancano e questo tipo di film pu\u00f2 assumersi questo ruolo: trasmettere un valore spirituale.<\/p>\n\n\n\n<p><\/p>\n\n\n\n<h2 class=\"wp-block-heading\">Festival Film Cattolico: dal 22 al 25 giugno sesta edizione&nbsp;<\/h2>\n\n\n\n<p>La Repubblica &#8211; Roma, 16 giu.Si svolgera&rsquo; a Roma dal 22 al 25 giugno la sesta edizione del Festival Internazionale del Film Cattolico (Mirabile Dictu), la manifestazione ideata dalla regista Liana Marabini per dare spazio ai produttori e ai registi di film, documentari, docufiction, serie tv, cortometraggi e programmi che promuovono valori morali universali e modelli positivi, nata nel 2010 sotto l&rsquo;Alto Patronato del Pontificio Consiglio della Cultura. Sei le categorie in concorso (miglior film, miglior documentario, miglior cortometraggio, migliore attrice\/attore protagonista, migliore regista, e Capax Dei Foundation Award), alle quali andra&rsquo; in premio il prestigioso Pesce d&rsquo;Argento, ispirato al primo simbolo cristiano. Fedele alla sua formula, Mirabile Dictu proietta i film in competizione finale per la giuria e i distributori, facilitando poi i contatti diretti tra questi ultimi e i produttori, con lo scopo di portare le pellicole finaliste sul grande e piccolo schermo, nella distribuzione home video e in quella piu&rsquo; recente della pay per view e di Internet.<\/p>\n\n\n\n<p><\/p>\n\n\n\n<h2 class=\"wp-block-heading\">Cinema: Mirabile Dictu, Torcida vince per migior film e regia<\/h2>\n\n\n\n<p>Radio Capital &#8211; Roma, 26 giu.Il Festival Internazionale del Cinema Cattolico &lsquo;Mirabile Dictu&rsquo;, inventato e presieduto dalla regista Liana Marabini, compie sei anni. In questo lasso di tempo le pellicole e la qualita&rsquo; dei film presentati sono cresciute di pari passo fino ad arrivare all&rsquo;edizione 2015 che registra il record di 1.034 opere candidate. Un&rsquo;edizione conclusasi ieri sera con l&rsquo;assegnazione dei Pesci d&rsquo;Argento nella cerimonia svoltasi a Roma nella Pinacoteca del Tesoriere, quando sono stati resi noti i vincitori della manifestazione voluta dalla cineasta Liana Marabini per dare spazio ai produttori e ai registi di film, documentari, docufiction, serie tv, cortometraggi e programmi che promuovono valori morali universali e modelli positivi.<\/p>\n\n\n\n<p>I premi sono stati decisi dalla giuria internazionale, presieduta dal produttore austriaco Norbert Blecha e composta da monsignor Franco Perazzolo, del Pontificio Consiglio della Cultura, dalla principessa Maria Pia Ruspoli, attrice, da Michele Navadic, direttore programmazione televisiva (Francia) e dalla produttrice Oriana Mariotti (Italia). Trionfatore della serata, vincitore dei Pesci d&rsquo;Argento come Miglior film e miglior regia, &lsquo;Felices los que lloran&rsquo; di Marcelo Torcida (Paraguay). E&rsquo; la storia di Juan, un ragazzo proveniente da una ricca famiglia della capitale paraguayana impegnato solo a divertirsi con gli amici, e&rsquo; spinto dal padre a trovare la sua indipendenza. Allettato dal guadagno facile, viene introdotto nel traffico di droga dei quartieri poveri della citta&rsquo;. Qualcosa pero&rsquo; va male: Juan e&rsquo; in pericolo. Sara&rsquo; padre Mario a cercare di tirarlo fuori dai guai. La vicenda di Juan sara&rsquo; il fattore determinante della conversione di suo padre.<\/p>\n\n\n\n<p>Il Pesce d&rsquo;Argento per l&rsquo;interpretazione e&rsquo; andato a Juan del Santo per il ruolo di Walter Mann in &lsquo;Flow&rsquo; (Spagna), la storia di un conflitto interiore e di un viaggio alla ricerca di autenticita&rsquo; e liberta&rsquo;. Per il Miglior cortometraggio prenmiata la regista americana Lucia Mauro per &lsquo;In my brother&rsquo;s shoes&rsquo;, sua opera prima. Per il Miglior documentario il Pesce d&rsquo;Argento e&rsquo; andato al film &lsquo;Right footed&rsquo; di Nicholas Spark (Usa), l&rsquo;incredibile storia di Jessica Cox, trentenne americana nata senza braccia a causa di una rara malattia genetica, che nonostante la sua apparente disabilita&rsquo; scrive e guida l&rsquo;automobile, ha conseguito una laurea e due cinture nere di arti marziali, ha imparato a pilotare gli aerei e fa la conferenziera motivazionale. Tutte attivita&rsquo; svolte con l&rsquo;ausilio dei suoi piedi. La Cox era presente alla cerimonia.<\/p>\n\n\n\n<p>Il Premio speciale della Capax Dei Foundation, infine, e&rsquo; andato al film che ha inciso maggiormente come mezzo di evangelizzazione: &lsquo;La Madonna del parto, docufiction di Alessandro Perrella (Italia), sullo straordinario restauro per il recupero di quest&rsquo;affresco ad opera di Piero della Francesca, custodito originariamente in una piccola chiesa non distante da Arezzo (Monterchi) e collocato, dopo il restauro, in una scuola del centro storico del borgo, divenuta cosi&rsquo; l&rsquo;unico museo al mondo con una sola opera d&rsquo;arte.<\/p>\n\n\n\n<p><\/p>\n\n\n\n<h2 class=\"wp-block-heading\">Festival Cinema Cattolico &lsquo;Mirabile Dictu&rsquo;: il paraguayano Torcida vince l&rsquo;edizione dei record&nbsp;<\/h2>\n\n\n\n<p>(AGI) &#8211; Roma, 26 giu.<br><br>&lsquo;Mirabile Dictu&rsquo; e&rsquo; cresciuto ed e&rsquo; diventato grande. Il Festival Internazionale del Cinema Cattolico inventato e presieduto dalla regista Liana Marabini compie sei anni. In questo lasso di tempo il numero delle pellicole e la qualita&rsquo; dei film presentati sono aumentati di pari passo fino ad arrivare all&rsquo;edizione 2015 che registra il record di 1.034 opere candidate. Un&rsquo;edizione conclusasi ieri sera con l&rsquo;assegnazione dei Pesci d&rsquo;Argento nella cerimonia svoltasi a Roma nella Pinacoteca del Tesoriere, quando sono stati resi noti i vincitori della manifestazione voluta dalla cineasta Liana Marabini per dare spazio ai produttori e ai registi di film, documentari, docufiction, serie tv, cortometraggi e programmi che promuovono valori morali universali e modelli positivi.<\/p>\n\n\n\n<p>I premi sono stati decisi dalla giuria internazionale, presieduta dal produttore austriaco Norbert Blecha e composta da monsignor Franco Perazzolo, del Pontificio Consiglio della Cultura, dalla principessa Maria Pia Ruspoli, attrice, da Michele Navadic, direttore programmazione televisiva (Francia) e dalla produttrice Oriana Mariotti (Italia). Trionfatore della serata, vincitore dei Pesci d&rsquo;Argento come Miglior film e Miglior regia, &lsquo;Felices los que lloran&rsquo; di Marcelo Torcida (Paraguay). E&rsquo; la storia di Juan, un ragazzo proveniente da una ricca famiglia della capitale paraguayana impegnato solo a divertirsi con gli amici, e&rsquo; spinto dal padre a trovare la sua indipendenza. Allettato dal guadagno facile, viene introdotto nel traffico di droga dei quartieri poveri della citta&rsquo;. Qualcosa pero&rsquo; va male: Juan e&rsquo; in pericolo. Sara&rsquo; padre Mario a cercare di tirarlo fuori dai guai. La vicenda di Juan sara&rsquo; il fattore determinante della conversione di suo padre.<\/p>\n\n\n\n<p>Il Pesce d&rsquo;Argento per l&rsquo;interpretazione e&rsquo; andato a Juan del Santo per il ruolo di Walter Mann in &lsquo;Flow&rsquo; (Spagna), la storia di un conflitto interiore e di un viaggio alla ricerca di autenticita&rsquo; e liberta&rsquo;. Per il Miglior cortometraggio premiata la regista americana Lucia Mauro per &lsquo;In my brother&rsquo;s shoes&rsquo;, sua opera prima. Per il Miglior documentario il Pesce d&rsquo;Argento e&rsquo; andato al film &lsquo;Right footed&rsquo; di Nicholas Spark (Usa), l&rsquo;incredibile storia di Jessica Cox, trentenne americana nata senza braccia a causa di una rara malattia genetica, che nonostante la sua apparente disabilita&rsquo; scrive e guida l&rsquo;automobile, ha conseguito una laurea e due cinture nere di arti marziali, ha imparato a pilotare gli aerei e fa la conferenziera motivazionale. Tutte attivita&rsquo; svolte con l&rsquo;ausilio dei suoi piedi. La Cox era presente alla cerimonia.<\/p>\n\n\n\n<p>Il Premio speciale della Capax Dei Foundation, infine, e&rsquo; andato al film che ha inciso maggiormente come mezzo di evangelizzazione: &lsquo;La Madonna del parto&rsquo;, docufiction di Alessandro Perrella (Italia), sullo straordinario restauro per il recupero di quest&rsquo;affresco ad opera di Piero della Francesca, custodito originariamente in una piccola chiesa non distante da Arezzo (Monterchi) e collocato, dopo il restauro, in una scuola del centro storico del borgo, divenuta cosi&rsquo; l&rsquo;unico museo al mondo con una sola opera d&rsquo;arte. La cerimonia di premiazione di ieri sera ha visto, tra gli altri, la presenza del cardinale Gianfranco Ravasi &#8211; presidente del Pontificio Consiglio della Cultura, dicastero vaticano che fin dalla nascita del premio nel 2010 ha accordato al festival Mirabile Dictu l&rsquo;Alto Patronato &#8211; che in un intervento come sempre dotto ed efficace ha citato Virginia Woolf, che in un&rsquo;opera minore (&lsquo;Camera propria&rsquo;) sosteneva: \u00ab\u00a0Il cinema dev&rsquo;essere espressione della bellezza, che ha due tagli: un taglio di gioia e un taglio di angoscia, ed entrambi tagliano il cuore\u00a0\u00bb.<\/p>\n\n\n\n<p>\u00ab\u00a0Il cinema come la letteratura, come l&rsquo;arte in genere &#8211; ha proseguito -, non e&rsquo; soltanto felicita&rsquo;, anzi, se noi dovessimo cancellare il mistero del male, del dolore, della sofferenza, sicuramente il 70 per cento della letteratura svanirebbe, la Divina Commedia per due terzi scomparirebbe. E&rsquo; quindi necessario che all&rsquo;interno del cinema che vuole essere spirituale, religioso, ci sia anche questo groviglio oscuro, questo modo di vivere il male dell&rsquo;uomo, la colpa (pensiamo a cos&rsquo;hanno creato attorno a questo grumo oscuro i grandi registi Bergman, Bresson, Bunuel, Tarkovsky, Dreyer), ma certamente anche l&rsquo;altra dimensione, che e&rsquo; quella della luce e della speranza. Non per niente il fondatore del cinema si chiamava Lumiere\u00a0\u00bb.<\/p>\n\n\n\n<p>Al termine della cerimonia, l&rsquo;ideatrice e presidente del Festival, Liana Marabini, ha annunciato tre nuovi progetti: rassegne dei film del Festival in varie parti del mondo, a iniziare da cinque Paesi europei, rivolte in particolare a programmatori televisivi, broadcaster e distributori; rassegne nelle carceri, partendo da Marsiglia, per arrivare poi a Roma e Milano. Infine, dall&rsquo;autunno del 2015, il Festival finanziera&rsquo; la creazione di scuole nelle carceri minorili per insegnare i mestieri del cinema legati al computer: postproduzione, effetti speciali ed effetti sonori.<\/p>\n","protected":false},"excerpt":{"rendered":"<div class=\"slide-text-bg2\"><span>Catholic Film Festival, Mirabile Dictu, to prize top films of the year Romereports.com &#8211; 2015-06-24 It&rsquo;s called&nbsp;Mirabile Dictu&nbsp;and it<\/span><\/div>\n<div class=\"slide-btn-area-sm\"><a href=\"https:\/\/www.mirabiledictu-icff.com\/?page_id=160\" class=\"slide-btn-sm\">Lire la suite<\/a><\/div>\n","protected":false},"author":1,"featured_media":0,"parent":0,"menu_order":0,"comment_status":"closed","ping_status":"closed","template":"","meta":{"footnotes":""},"class_list":["post-160","page","type-page","status-publish","hentry"],"_links":{"self":[{"href":"https:\/\/www.mirabiledictu-icff.com\/index.php?rest_route=\/wp\/v2\/pages\/160","targetHints":{"allow":["GET"]}}],"collection":[{"href":"https:\/\/www.mirabiledictu-icff.com\/index.php?rest_route=\/wp\/v2\/pages"}],"about":[{"href":"https:\/\/www.mirabiledictu-icff.com\/index.php?rest_route=\/wp\/v2\/types\/page"}],"author":[{"embeddable":true,"href":"https:\/\/www.mirabiledictu-icff.com\/index.php?rest_route=\/wp\/v2\/users\/1"}],"replies":[{"embeddable":true,"href":"https:\/\/www.mirabiledictu-icff.com\/index.php?rest_route=%2Fwp%2Fv2%2Fcomments&post=160"}],"version-history":[{"count":1,"href":"https:\/\/www.mirabiledictu-icff.com\/index.php?rest_route=\/wp\/v2\/pages\/160\/revisions"}],"predecessor-version":[{"id":161,"href":"https:\/\/www.mirabiledictu-icff.com\/index.php?rest_route=\/wp\/v2\/pages\/160\/revisions\/161"}],"wp:attachment":[{"href":"https:\/\/www.mirabiledictu-icff.com\/index.php?rest_route=%2Fwp%2Fv2%2Fmedia&parent=160"}],"curies":[{"name":"wp","href":"https:\/\/api.w.org\/{rel}","templated":true}]}}