{"id":158,"date":"2019-11-08T18:52:28","date_gmt":"2019-11-08T17:52:28","guid":{"rendered":"http:\/\/www.mirabiledictu-icff.com\/?page_id=158"},"modified":"2019-11-08T18:52:28","modified_gmt":"2019-11-08T17:52:28","slug":"2015-press-release","status":"publish","type":"page","link":"https:\/\/www.mirabiledictu-icff.com\/?page_id=158","title":{"rendered":"2015 Press Release"},"content":{"rendered":"\n<h2 class=\"wp-block-heading\">CINEMA: \u201cFELICES LOS QUE LLORAN\u201d MIGLIOR FILM DEL FESTIVAL INTERNAZIONALE DEL CINEMA CATTOLICO<\/h2>\n\n\n\n<h3 class=\"wp-block-heading\">A Juan del Santo il Pesce d\u2019argento per il miglior attore.<br>La presidente Liana Marabini annuncia tre nuovi progetti: rassegne dei film del Festival in vari Paesi e nelle carceri e una scuola delle professioni del cinema nelle carceri minorili.<\/h3>\n\n\n\n<p>Roma, 26 giugno 2015 \u2013 Con l\u2019assegnazione dei Pesci d\u2019Argento si \u00e8 conclusa la sesta edizione del\u00a0<strong>Festival Internazionale del Cinema Cattolico-Mirabile Dictu<\/strong>, svoltosi a Roma presso Palazzo Cesi in Via della Conciliazione, dal 22 al 25 giugno, incentrato quest\u2019anno sul tema della famiglia. Nella cornice della Pinacoteca del Tesoriere di Roma, sono stati infatti resi noti nella serata di ieri i vincitori della manifestazione (che ha visto 1034 opere candidate), ideata dalla cineasta\u00a0<strong>Liana Marabini<\/strong>\u00a0per dare spazio ai produttori e ai registi di film, documentari, docufiction, serie tv, cortometraggi e programmi che promuovono valori morali universali e modelli positivi.<\/p>\n\n\n\n<p>Il cardinale\u00a0<strong>Gianfranco Ravasi<\/strong>\u00a0\u2013 presidente del Pontificio Consiglio della Cultura, dicastero vaticano che fin dalla nascita del premio nel 2010 gli ha accordato l\u2019Alto Patronato \u2013 ha ricordato che \u201cla settima arte \u00e8 certamente una delle espressioni pi\u00f9 incisive ed immediate, soprattutto per l\u2019uomo contemporaneo che ha privilegiato l\u2019immagine rispetto alla parola\u201d. \u201cSappiamo che il cinema riesce a intrecciare parola, immagine, luce e questo Festival vuole soprattutto riuscire a unire la bellezza, la verit\u00e0, l\u2019amore, i temi ultimi e penultimi dell\u2019esistenza\u201d ha osservato Ravasi. Il cardinale ha quindi citato Virginia Woolf, che in un\u2019opera minore (Camera propria) sosteneva: \u201cIl cinema dev\u2019essere espressione della bellezza, che ha due tagli: un taglio di gioia e un taglio di angoscia, ed entrambi tagliano il cuore\u201d. \u201cIl cinema come la letteratura, come l\u2019arte in genere \u2013 ha proseguito il porporato \u2013, non \u00e8 soltanto felicit\u00e0, anzi, se noi dovessimo cancellare il mistero del male, del dolore, della sofferenza, sicuramente il 70 per cento della letteratura svanirebbe, la Divina Commedia per due terzi scomparirebbe. \u00c8 quindi necessario che all\u2019interno del cinema che vuole essere spirituale, religioso, ci sia anche questo groviglio oscuro, questo modo di vivere il male dell\u2019uomo, la colpa (pensiamo a cos\u2019hanno creato attorno a questo grumo oscuro i grandi registi Bergman, Bresson, Bu\u00f1uel, Tarkovsky, Dreyer), ma certamente anche l\u2019altra dimensione, che \u00e8 quella della luce e della speranza. Non per niente il fondatore del cinema si chiamava Lumi\u00e8re\u201d.<\/p>\n\n\n\n<p>La presidente del Festival\u00a0<strong>Liana Marabini<\/strong>, dopo aver rilevato come \u201cquesto settore del cinema diventi anno dopo anno sempre pi\u00f9 notevole e notato\u201d, ha annunciato tre nuovi progetti: rassegne dei film del Festival in varie parti del mondo, a iniziare da cinque Paesi europei, rivolte in particolare a programmatori televisivi, broadcaster e distributori; rassegne nelle carceri, partendo da Marsiglia, per arrivare poi a Roma e Milano. Infine, dall\u2019autunno del 2015, il Festival finanzier\u00e0 la creazione di scuole nelle carceri minorili per insegnare i mestieri del cinema legati al computer: postproduzione, effetti speciali ed effetti sonori.<\/p>\n\n\n\n<p>Questi i vincitori del\u00a0<strong>Pesce d\u2019Argento 2015<\/strong>, premio ispirato al primo simbolo cristiano, presentati dal giornalista de\u00a0<em>Il Corriere della sera<\/em><strong>Armando Torno<\/strong>, decretati da una Giuria internazionale presieduta dal produttore austriaco\u00a0<strong>Norbert Blecha<\/strong>\u00a0e composta da monsignor Franco Perazzolo, del Pontificio Consiglio della Cultura (Citt\u00e0 del Vaticano), dalla principessa Maria Pia Ruspoli, attrice, da Mich\u00e8le Navadic, direttore programmazione televisiva (Francia) e dalla produttrice Oriana Mariotti (Italia).<\/p>\n\n\n\n<p>Miglior\u00a0<strong>cortometraggio<\/strong>:\u00a0<em>In my brother\u2019s shoes<\/em>\u00a0(di Lucia Mauro, USA). Il fratello di un marine caduto in guerra ne onora la memoria con un pellegrinaggio a Roma, indossando i suoi stivali da combattimento. Durante il viaggio, esorcizza le sue paure attraverso incontri casuali con varie persone. \u00a0E&rsquo; un viaggio soprattutto spirituale.<\/p>\n\n\n\n<p>Miglior\u00a0<strong>documentario<\/strong>:\u00a0<em>Right footed<\/em>\u00a0(di Nicholas Spark, USA). Presenta l\u2019incredibile vita di Jessica Cox, trentenne americana nata senza braccia a causa di una rara malattia genetica, che nonostante la sua apparente disabilit\u00e0 scrive e guida l\u2019automobile, ha conseguito una laurea e due cinture nere di arti marziali, ha imparato a pilotare gli aerei e fa la conferenziera motivazionale. Tutte attivit\u00e0 svolte con l\u2019ausilio dei suoi piedi.<\/p>\n\n\n\n<p>Miglior\u00a0<strong>film<\/strong>:\u00a0<em>Felices los que lloran<\/em>\u00a0(di Marcelo Torcida, Paraguay). Juan, un ragazzo proveniente da una ricca famiglia della capitale paraguayana impegnato solo a divertirsi con gli amici, \u00e8 spinto dal padre a trovare la sua indipendenza. Allettato dal guadagno facile, viene introdotto nel traffico di droga dei quartieri poveri della citt\u00e0. Qualcosa per\u00f2 va male: Juan \u00e8 in pericolo. Sar\u00e0 padre Mario a cercare di tirarlo fuori dai guai. La vicenda di Juan sar\u00e0 il fattore determinante della conversione di suo padre.<\/p>\n\n\n\n<p>Miglior\u00a0<strong>attore protagonista<\/strong>: Juan del Santo (Walter Mann in\u00a0<em>Flow<\/em>, Spagna). Un attore di teatro, prossimo a uno dei pi\u00f9 importanti ruoli della sua carriera, riceve un\u2019eredit\u00e0 \u201cavvelenata\u201d che lo porter\u00e0 all\u2019isolamento sociale. \u00c8 la storia di un conflitto interiore e di un viaggio alla ricerca di autenticit\u00e0 e libert\u00e0.\u00a0<\/p>\n\n\n\n<p>Miglior\u00a0<strong>regista<\/strong>: Marcelo Torcida per\u00a0<em>Felices los que lloran<\/em>\u00a0(Paraguay).<\/p>\n\n\n\n<p>Premio speciale della\u00a0<strong>Capax Dei Foundation<\/strong>, al film che ha inciso maggiormente come mezzo di evangelizzazione:\u00a0<em>La Madonna del parto<\/em>, docufiction di Alessandro Perrella (Italia), sullo straordinario restauro per il recupero di questo affresco di Piero della Francesca, creato dall&rsquo;artista in una piccola chiesa non distante da Arezzo e spostato dopo il restauro in una scuola che gli viene consacrata, diventando cos\u00ec l&rsquo;unico museo al mondo con una sola opera d&rsquo;arte.<br><\/p>\n","protected":false},"excerpt":{"rendered":"<div class=\"slide-text-bg2\"><span>CINEMA: \u201cFELICES LOS QUE LLORAN\u201d MIGLIOR FILM DEL FESTIVAL INTERNAZIONALE DEL CINEMA CATTOLICO A Juan del Santo il Pesce d\u2019argento per il miglior att<\/span><\/div>\n<div class=\"slide-btn-area-sm\"><a href=\"https:\/\/www.mirabiledictu-icff.com\/?page_id=158\" class=\"slide-btn-sm\">Lire la suite<\/a><\/div>\n","protected":false},"author":1,"featured_media":0,"parent":0,"menu_order":0,"comment_status":"closed","ping_status":"closed","template":"","meta":{"footnotes":""},"class_list":["post-158","page","type-page","status-publish","hentry"],"_links":{"self":[{"href":"https:\/\/www.mirabiledictu-icff.com\/index.php?rest_route=\/wp\/v2\/pages\/158","targetHints":{"allow":["GET"]}}],"collection":[{"href":"https:\/\/www.mirabiledictu-icff.com\/index.php?rest_route=\/wp\/v2\/pages"}],"about":[{"href":"https:\/\/www.mirabiledictu-icff.com\/index.php?rest_route=\/wp\/v2\/types\/page"}],"author":[{"embeddable":true,"href":"https:\/\/www.mirabiledictu-icff.com\/index.php?rest_route=\/wp\/v2\/users\/1"}],"replies":[{"embeddable":true,"href":"https:\/\/www.mirabiledictu-icff.com\/index.php?rest_route=%2Fwp%2Fv2%2Fcomments&post=158"}],"version-history":[{"count":1,"href":"https:\/\/www.mirabiledictu-icff.com\/index.php?rest_route=\/wp\/v2\/pages\/158\/revisions"}],"predecessor-version":[{"id":159,"href":"https:\/\/www.mirabiledictu-icff.com\/index.php?rest_route=\/wp\/v2\/pages\/158\/revisions\/159"}],"wp:attachment":[{"href":"https:\/\/www.mirabiledictu-icff.com\/index.php?rest_route=%2Fwp%2Fv2%2Fmedia&parent=158"}],"curies":[{"name":"wp","href":"https:\/\/api.w.org\/{rel}","templated":true}]}}