{"id":149,"date":"2019-11-08T17:03:40","date_gmt":"2019-11-08T16:03:40","guid":{"rendered":"http:\/\/www.mirabiledictu-icff.com\/?page_id=149"},"modified":"2019-11-08T17:03:40","modified_gmt":"2019-11-08T16:03:40","slug":"2016-screening-program","status":"publish","type":"page","link":"https:\/\/www.mirabiledictu-icff.com\/?page_id=149","title":{"rendered":"2016 Screening Program"},"content":{"rendered":"\n<h3 class=\"wp-block-heading\"><strong>SCREENING PROGRAM<\/strong><br>10,30 \u2013 18,30<\/h3>\n\n\n\n<p><strong>Monday, 20th of June<br><\/strong>10,30 &#8211; <em>Lampedusa \u00a0<\/em>by Peter Schreiner (Austria) &#8211; Film &#8211; 130&prime;<br>15,30 &#8211; <em>Infernet\u00a0<\/em>by Giuseppe Ferlito (Italia) &#8211; Film &#8211; 115&prime;<br>17,45 &#8211; <em>The Confession\u00a0<\/em>by Fr. John La Raw (South Korea) &#8211; Short &#8211; 19&rsquo;14\u00a0\u00bb<\/p>\n\n\n\n<p><strong>Tuesday 21st of June<br><\/strong>10,30 &#8211;\u00a0<em>I Trust in You\u00a0<\/em>by Aleksas Matvejevas (Lithuania) &#8211; Doc. &#8211; 65&prime;<br>11,45 &#8211; <em>Il Vangelo secondo Maria\u00a0<\/em>by Luca Trovellesi Cesana (Italy) &#8211; Doc. &#8211; 52&prime;<br>12,40 &#8211; <em>La bellezza nell&rsquo;amore di Dio\u00a0<\/em>by Carlo De Biase (Italy) &#8211; Short &#8211; 19&rsquo;15\u00a0\u00bb<br>15,30 &#8211; <em>On the Border of Hell\u00a0<\/em>by Angeles Conde Mir (Spain) &#8211; Short &#8211; 26&prime;<br>16,15 &#8211; <em>Poveda\u00a0<\/em>by Pablo Moreno (Spain)\u00a0&#8211; Film &#8211; 116&prime;<\/p>\n\n\n\n<p><strong>Wednesday 22nd of June<\/strong><br>10,30\u00a0&#8211; <em>A Life is Never Wasted\u00a0<\/em>by Krzysztof Tadej (Poland) &#8211; Doc. &#8211; 54&prime;<br>11,45 &#8211; <em>The Stalingrad Madonna\u00a0<\/em>by Nick Goryachkin (Russia) &#8211; Doc. &#8211; 45&prime;<br>15,30 &#8211; <em>Kateri\u00a0<\/em>by EWTN\/James Kelty &amp; Associates (U.S.A.)<br>17,30 &#8211; <em>La leggenda della vera Croce<\/em>\u00a0by Alessandro Perrella\u00a0&#8211; Doc. &#8211; 35&prime; (Italy &#8211; out of competition) \u2013 on invitation\u00a0\u00a0<br><\/p>\n\n\n\n<h1 class=\"wp-block-heading\">Sinossi e notizie varie<\/h1>\n\n\n\n<p><strong>Best short film (awarded to the Director)<\/strong><\/p>\n\n\n\n<p><em>The Confession<\/em>\u00a0by Fr Johnn La Raw (South Korea)<\/p>\n\n\n\n<p>&#8211; Un giovane sacerdote riceve la confessione di un uomo che anni prima, ubriaco al volante della sua auto, ha investito un uomo sul passaggio pedonale uccidendolo. Non si era mai costituito, ma era scappato dal luogo dell&rsquo;incidente. Per anni la sua coscienza lo ha torurato, ricordando soprattuto il bambino dell&rsquo;uomo che piangeva disperato. Solo che quel babino era cresciuto ed era diventato sacerdote. Era il sacerdote al quale l&rsquo;uomo stava facendo la confessione. Il finale \u00e8 inatteso.<\/p>\n\n\n\n<p><em>La bellezza nell&rsquo;amore di Dio\u00a0<\/em>by Carlo De Biase (Italy)<\/p>\n\n\n\n<p>&#8211; Omaggio a don Divo Barsotti, sacerdote, teologo, fondatore della Comunit\u00e0 monastica dei Figli di Dio. Mistico e guida spirituale, autore di 150 libri, ha difeso la dignit\u00e0 umana. Diceva: \u00ab\u00a0<em>Dio ama tutti gli uomini e il suo amore \u00e8 parlato attraverso la bellezza della natura<\/em>\u00ab\u00a0.\u00a0<\/p>\n\n\n\n<p><em>On the Border of Hell. Christian Persecution in Irak\u00a0<\/em>by Angeles Conde Mir (Spain)<\/p>\n\n\n\n<p>&#8211; Un film sulla persecuzione dei Cristiani in Irak. Un&rsquo;\u00e9quipe di Rome Reports ha passato un periodo di tempo con loro, vivendoci assieme, raccogliendo testimonianze di speranza dai margini dell&rsquo;inferno.\u00a0<\/p>\n\n\n\n<p><strong>Best Documentary (awarded to the Director)<\/strong><\/p>\n\n\n\n<p><em>Il Vangelo secondo Maria<\/em>\u00a0by Luca Trovellesi Cesana (Italy)<\/p>\n\n\n\n<p>&#8211; Un&rsquo;indagine avvincente in cui l&rsquo;analisi delle fonti storiche e letterarie e delle scoperte archeologiche si affiancano agli studi teologici e ai dogmi di fede, per esplorare l&rsquo;affascinante universo che ruota attorno alla straordinaria figura di Maria da Nazareth.\u00a0<\/p>\n\n\n\n<p><em>A Life is Never Wasted\u00a0<\/em>by Krzysztof Tadej (Poland)<\/p>\n\n\n\n<p>&#8211; E&rsquo; un film sulla vita e la morte, l&rsquo;amore e l&rsquo;odio. Descrive la tragica fine di due missionari polacchi, i Padri Michael Tomaszek \u00a0(31 anni) e Zbigniew Stra\u0142kowski (33 anni), partiti in Per\u00f9 per diffondere il messaggio di Dio e assassinati con un colpo alla nuca dai terroristi comunisti appartenenti al Sendero Luminoso. Il 5 dicembre 2015 la Chiesa ha deciso di beatificarli.<\/p>\n\n\n\n<p><em>I Trust in You\u00a0<\/em>by Aleksas Matvejevas (Lithuania)<\/p>\n\n\n\n<p>&#8211; La storia di un quadro, che Ges\u00f9 ha chiesto a Suor Faustina Kovalska di fare realizzare: la Divina Misericordia. Dipinto da Eugeniusz Kazimirovski tra il 1934 e il 1947, in un&rsquo;epoca in cui i comunisti chiudevano chiese e santuari, il ritratto della Divina Misericordia \u00e8 stato esposto nella chiesa di San Michele di Vilnius. Il film racconta il viaggio del quadro, da questa chiesa alle varie collezioni private delle quali ha fatto parte, fino al suo ritorno nel luogo di origine, dove, nel 1993, \u00e8 stato oggetto di raccoglimento e preghiera da parte di Giovanni Paolo II.<\/p>\n\n\n\n<p><strong>Best Director (awarded to the Director)<\/strong><\/p>\n\n\n\n<p><em>Lampedusa\u00a0<\/em>by Peter Schreiner (Austria)<\/p>\n\n\n\n<p>&#8211; Due sconosciuti incrociano le loro strade sull&rsquo;isola siciliana di Lampedusa: un ex profugo dall&rsquo;Africa e una donna che scappa sull&rsquo;isola per far fronte a una crisi personale. Ricordi, sogni e presente si intersecano e si fondono in questo capolavoro contemplativa in bianco e nero.\u00a0<\/p>\n\n\n\n<p><em>Infernet\u00a0<\/em>by Giuseppe Ferlito (Italy)<\/p>\n\n\n\n<p>&#8211; Cinque storie si intersecano tra di loro come accade col meccanismo della rete: Don Luciano, un prete impegnato costantemente in campagne mediatiche a sostegno dei bambini immigrati, viene accusato (falsamente) di pedofilia; Claudio, un attore famoso che ha nel cuore le problematiche della gente comune, riveler\u00e0 la sua vera natura; Sandro, spinto dalla voglia di sentirsi parte di un gruppo, si unisce ad una gang di ragazzini viziati appartenenti alla classe borghese, che si divertono a fare i bulli e a filmare le proprie bravate; Giorgio, un ricco imprenditore, distrugge la sua famiglia a causa del suo vizio per il gioco online e infine tre giovani amiche adolescenti, attratte dai soldi facili, decidono di prostituirsi filmando i loro clienti per poi ricattarli.\u00a0<\/p>\n\n\n\n<p><em>The Stalingrad Madonna\u00a0<\/em>by Nick Goryachkin (Russia)<\/p>\n\n\n\n<p>&#8211; Un soldato tedesco, protestante, disegna una Madonna con un pezzo di carbone sul dorso di una cartina sovietica. Fatto prigioniero dai russi, il soldato muore dopo 18 mesi di prigionia. Il dipinto arriva a Berlino e, alla fine della guerra, tre vescovi di altrettante citt\u00e0 (Berlino, Stalingrado e Coventry) la dichiarano un simbolo di riconciliazione e perdono. Film di grande qualit\u00e0 tecnica e artistica, con spezzoni di immagini della seconda guerra mondiale.<\/p>\n\n\n\n<p><strong>Best film (awarded to the Producer)<\/strong><\/p>\n\n\n\n<p><em>Poveda\u00a0<\/em>by Pablo Moreno (Spain) \u2013 Producer: Andr\u00e9s Garrig\u00f2 (Goya Producciones)<\/p>\n\n\n\n<p>&#8211; Padre Pedro Poveda (1874 \u2013 1936) era un prete che ha lottato per i diritti delle donne e il miglioramento dell&rsquo;educazione dei bambini. Vittima di intolleranza, \u00e8 stato ucciso durante la Guerra civile spagnola, perch\u00e9 non ha voluto rinunciare alla sua fede. E&rsquo; stato canonizzato da San Giovanni Paolo II nel 2003.\u00a0<\/p>\n\n\n\n<p><em>Infernet\u00a0<\/em>by Giuseppe Ferlito (Italy) \u2013 Producers: Michele Cal\u00ec and Federica Andreoli (AC Produccion)<\/p>\n\n\n\n<p>&#8211; Vedi sopra\u00a0\u00a0<\/p>\n\n\n\n<p><em>I Trust in You\u00a0<\/em>by Aleksas Matvejevas (Lithuania) \u2013 Producer: Vilniaus Medija<br><\/p>\n\n\n\n<p>&#8211; Vedi sopra<\/p>\n\n\n\n<p><strong>Capax Dei Foundation Award (to a film with a high value of evangelization)<\/strong><\/p>\n\n\n\n<p><em>Kateri\u00a0<\/em>by James Kelty (U.S.A.) \u2013 a EWTN\/James Kelty Production<\/p>\n\n\n\n<p>&#8211; Un film dedicato alla vita di Kateri Tekakwitha, la prima nativa americana (squaw) ad essere dichiarata santa da Benedetto XVI nel 2012. La sua \u00e8 una storia emblematica di fede. Il suo nome ci porta nella trib\u00f9 dei Mohawk, presso la quale la santa nacque nel 1656 vicino ad Albany, non lontano da New York. Il padre era un capo irochese, mentre la madre era algonchina, ma aveva incontrato la fede cristiana e si era convertita. Quattro anni pi\u00f9 tardi, l\u2019epidemia di vaiolo segn\u00f2 la vita di Kateri, portandole via i genitori e lasciandole alcune menomazioni al volto e alla vista. \u00c8 del 1675 invece il suo avvicinamento al cristianesimo, anno in cui tre missionari francesi arrivarono nel suo villaggio: Kateri rimase affascinata da queste persone, tanto da chiedere gi\u00e0 un anno dopo il battesimo. Ma questa scelta la mise contro allo zio, da cui, orfana, era ospitata: veniva lasciata senza cibo di domenica, quando si rifiutava di lavorare per santificare la festa, rifiut\u00f2 il matrimonio con un giovane pellerossa e si mantenne vergine. E arriv\u00f2 il giorno in cui uno dei missionari le consigli\u00f2 di trasferirsi vicino a Montreal, per dedicare la sua vita alla preghiera in una missione di san Francesco Saverio. Dopo aver fatto voto di verginit\u00e0, nel 1680, appena 24enne, un\u2019improvvisa malattia la port\u00f2 alla morte, dopo la quale scomparve ogni segno del vaiolo dal suo volto.<\/p>\n\n\n\n<p><strong>Longlife Achievement Award (to a Catholic personality of the entertainment industry)<\/strong><br><\/p>\n\n\n\n<p><em>Bibi Ballandi<\/em>\u00a0(TV Producer and creator of famous artists).<br><\/p>\n\n\n\n<p>&#8211; Scopritore di grandi talenti (Gigliola Cinquetti, Fiorello, I Volo) e produttore di programmi televisivi con Vasco Rossi, Adriano Celentano, Gianni Morandi e Panariello, ha una capacit\u00e0 di portare gli artisti verso la fede.<\/p>\n\n\n\n<p><strong>Out of Competition<\/strong><br><\/p>\n\n\n\n<p><em>La leggenda della vera Croce\u00a0<\/em>by Alessandro Perrella (Italy) \u2013 OUT OF COMPETITION<\/p>\n\n\n\n<p>Screening on Wednesday 22nd of June at 5:00 pm &#8211; Palazzo Cardinal Cesi <em>Proiezione su inviti a Palazzo Cardinal Cesi, mercoled\u00ec 22 giugno alle ore 17,30.<\/em><\/p>\n\n\n\n<p>&#8211; Dopo essersi occupato de\u00a0<em>La Madonna del Parto<\/em>\u00a0(film premiato con la Capax Dei Foundation Award nel nostro Festival nel 2015, il regista Alessandro Perrella, si inspira per questo nuovo documentario del capolavoro di Piero della Francesca, conservato nella Basilica di San Francesco, nella Cappella Bacci. Alla base, un&rsquo;antica leggenda, tanto cara ai francescani, scritta da Jacopo da Varagine (o da Varazze), in cui la storia si combina misteriosamente con notizie che, apparentemente, non hanno alcun riscontro storico ma che, hanno un senso per la cristianit\u00e0. Lo stesso Vittorio Sgarbi, molto recentemente, dopo le stragi di Bruxelles ha dichiarato che \u201c<em>l\u2019indifferenza nei confronti della cristianit\u00e0 \u00e8 contraddetta dai dipinti del Ciclo della Vera Croce. L\u2019Europa ha una storia che \u00e8 rappresentata emblematicamente da Piero della Francesca ad Arezzo<\/em>\u201d.<br><\/p>\n","protected":false},"excerpt":{"rendered":"<div class=\"slide-text-bg2\"><span>SCREENING PROGRAM10,30 \u2013 18,30 Monday, 20th of June10,30 &#8211; Lampedusa \u00a0by Peter Schreiner (Austria) &#8211; Film &#8211; 130&prime;15,30 &#8211; In<\/span><\/div>\n<div class=\"slide-btn-area-sm\"><a href=\"https:\/\/www.mirabiledictu-icff.com\/?page_id=149\" class=\"slide-btn-sm\">Lire la suite<\/a><\/div>\n","protected":false},"author":1,"featured_media":0,"parent":0,"menu_order":0,"comment_status":"closed","ping_status":"closed","template":"","meta":{"footnotes":""},"class_list":["post-149","page","type-page","status-publish","hentry"],"_links":{"self":[{"href":"https:\/\/www.mirabiledictu-icff.com\/index.php?rest_route=\/wp\/v2\/pages\/149","targetHints":{"allow":["GET"]}}],"collection":[{"href":"https:\/\/www.mirabiledictu-icff.com\/index.php?rest_route=\/wp\/v2\/pages"}],"about":[{"href":"https:\/\/www.mirabiledictu-icff.com\/index.php?rest_route=\/wp\/v2\/types\/page"}],"author":[{"embeddable":true,"href":"https:\/\/www.mirabiledictu-icff.com\/index.php?rest_route=\/wp\/v2\/users\/1"}],"replies":[{"embeddable":true,"href":"https:\/\/www.mirabiledictu-icff.com\/index.php?rest_route=%2Fwp%2Fv2%2Fcomments&post=149"}],"version-history":[{"count":1,"href":"https:\/\/www.mirabiledictu-icff.com\/index.php?rest_route=\/wp\/v2\/pages\/149\/revisions"}],"predecessor-version":[{"id":150,"href":"https:\/\/www.mirabiledictu-icff.com\/index.php?rest_route=\/wp\/v2\/pages\/149\/revisions\/150"}],"wp:attachment":[{"href":"https:\/\/www.mirabiledictu-icff.com\/index.php?rest_route=%2Fwp%2Fv2%2Fmedia&parent=149"}],"curies":[{"name":"wp","href":"https:\/\/api.w.org\/{rel}","templated":true}]}}