{"id":131,"date":"2019-11-08T16:39:12","date_gmt":"2019-11-08T15:39:12","guid":{"rendered":"http:\/\/www.mirabiledictu-icff.com\/?page_id=131"},"modified":"2019-11-08T16:49:13","modified_gmt":"2019-11-08T15:49:13","slug":"2017-final-competition","status":"publish","type":"page","link":"https:\/\/www.mirabiledictu-icff.com\/?page_id=131","title":{"rendered":"2017 Final Competition"},"content":{"rendered":"\n<p><strong>Best Short Film<\/strong><\/p>\n\n\n\n<ul class=\"wp-block-list\"><li><em>Guerriero<\/em>&nbsp;by Gianni Antonio Grazioli \u2013 ITALY<\/li><li><em>Come and see<\/em>&nbsp;by Selina De Maeyer \u2013 HOLLAND<\/li><li><em>Message of the Animals<\/em>&nbsp;by Elke H. Markopoulos, Rainer Ludwigs \u2013 GERMANY<\/li><\/ul>\n\n\n\n<p><strong>Best Documentary<\/strong><\/p>\n\n\n\n<ul class=\"wp-block-list\"><li><em>Les Maisons du Nord<\/em>&nbsp;by Guy Bordin &amp; Renaud De Putter \u2013 BELGIUM<\/li><li><em>A Man of God<\/em>&nbsp;by Krzysztof Tadej \u2013 POLAND<\/li><li><em>L&rsquo;Eglise polonaise sous haute pression<\/em>&nbsp;by Fran\u00e7oise Pons \u2013 FRANCE<\/li><\/ul>\n\n\n\n<p><strong>Best Director<\/strong><\/p>\n\n\n\n<ul class=\"wp-block-list\"><li>Samuel Sebastian for&nbsp;<em>La larga noche de la imaginaci\u00f3n<\/em>&nbsp;\u2013 SPAIN<\/li><li>David Naglieri for&nbsp;<em>The Face of Mercy<\/em>&nbsp;&#8211; USA<\/li><li>Pablo Moreno for&nbsp;<em>Luz de Soledad<\/em>&nbsp;\u2013 SPAIN<\/li><\/ul>\n\n\n\n<p><strong>Best film<\/strong><\/p>\n\n\n\n<ul class=\"wp-block-list\"><li><em>Saint Bridget of Sweden<\/em>&nbsp;by Fabio Carini \u2013 USA<\/li><li><em>Fatima the ultimate mistery<\/em>&nbsp;by Andr\u00e9s Garrig\u00f3 \u2013 SPAIN<\/li><li><em>Ignacio de Loyola: Soldier, Sinner, Saint<\/em>&nbsp;by Paolo Dy \u2013 PHILIPPINES<\/li><\/ul>\n\n\n\n<p><strong>Evangelization Award (unique receiver, not in competition)<\/strong><\/p>\n\n\n\n<ul class=\"wp-block-list\"><li>Fr. Olivier-Thomas Venard O.P., Vice Director of the French Biblical and Archaeological School of Jerusalem, creator of the show (now in DVD)\u00a0<em>Syllabes Divines, Myst\u00e8re sur la Proph\u00e9tie de J\u00e9r\u00e9mie<\/em>\u00a0\u2013 ISRAEL<\/li><\/ul>\n","protected":false},"excerpt":{"rendered":"<div class=\"slide-text-bg2\"><span>Best Short Film Guerriero&nbsp;by Gianni Antonio Grazioli \u2013 ITALY Come and see&nbsp;by Selina De Maeyer \u2013 HOLLAND Message of the Animals&nbsp;by Elke H<\/span><\/div>\n<div class=\"slide-btn-area-sm\"><a href=\"https:\/\/www.mirabiledictu-icff.com\/?page_id=131\" class=\"slide-btn-sm\">Lire la suite<\/a><\/div>\n","protected":false},"author":1,"featured_media":0,"parent":0,"menu_order":0,"comment_status":"closed","ping_status":"closed","template":"","meta":{"footnotes":""},"class_list":["post-131","page","type-page","status-publish","hentry"],"_links":{"self":[{"href":"https:\/\/www.mirabiledictu-icff.com\/index.php?rest_route=\/wp\/v2\/pages\/131","targetHints":{"allow":["GET"]}}],"collection":[{"href":"https:\/\/www.mirabiledictu-icff.com\/index.php?rest_route=\/wp\/v2\/pages"}],"about":[{"href":"https:\/\/www.mirabiledictu-icff.com\/index.php?rest_route=\/wp\/v2\/types\/page"}],"author":[{"embeddable":true,"href":"https:\/\/www.mirabiledictu-icff.com\/index.php?rest_route=\/wp\/v2\/users\/1"}],"replies":[{"embeddable":true,"href":"https:\/\/www.mirabiledictu-icff.com\/index.php?rest_route=%2Fwp%2Fv2%2Fcomments&post=131"}],"version-history":[{"count":2,"href":"https:\/\/www.mirabiledictu-icff.com\/index.php?rest_route=\/wp\/v2\/pages\/131\/revisions"}],"predecessor-version":[{"id":144,"href":"https:\/\/www.mirabiledictu-icff.com\/index.php?rest_route=\/wp\/v2\/pages\/131\/revisions\/144"}],"wp:attachment":[{"href":"https:\/\/www.mirabiledictu-icff.com\/index.php?rest_route=%2Fwp%2Fv2%2Fmedia&parent=131"}],"curies":[{"name":"wp","href":"https:\/\/api.w.org\/{rel}","templated":true}]}}