{"id":1115,"date":"2026-02-12T17:10:33","date_gmt":"2026-02-12T16:10:33","guid":{"rendered":"https:\/\/www.mirabiledictu-icff.com\/?page_id=1115"},"modified":"2026-02-12T17:10:33","modified_gmt":"2026-02-12T16:10:33","slug":"comunicato-stampa","status":"publish","type":"page","link":"https:\/\/www.mirabiledictu-icff.com\/?page_id=1115","title":{"rendered":"COMUNICATO STAMPA"},"content":{"rendered":"\n<p><strong><br>Cinema, i vincitori della XVII edizione del Festival del Film Cattolico \u201cMirabile Dictu\u201d<\/strong><\/p>\n\n\n\n<p><em>Pesce d\u2019argento al film&nbsp;<\/em><em>\u201cMy wings will protect you\u201d&nbsp;<\/em><em>di Antonio Cuadri, al documentario \u201cHoly Land\u201d di&nbsp;<\/em><em>Glen MacKay,&nbsp;al cortometraggio \u201cUn giorno in pi\u00f9\u201d di Fabio Bagnasco.&nbsp;<\/em><em>Miglior regista&nbsp;<\/em><em>Fran\u00e7ois Lespes<\/em><em>&nbsp;per&nbsp;\u201c<\/em><em>Blessed: the Martyrs of Compi\u00e8gne<\/em><em>\u201d<\/em><\/p>\n\n\n\n<p>Roma, 12 febbraio 2026 \u2013 La&nbsp;<strong>XVII edizione del Festival Internazionale&nbsp;del Film Cattolico \u201cMirabile Dictu\u201d&nbsp;<\/strong>(<a href=\"https:\/\/www.mirabiledictu-icff.com\/\" target=\"_blank\" rel=\"noreferrer noopener\">https:\/\/www.mirabiledictu-icff.com\/<\/a>), che si \u00e8 svolta&nbsp;<em>online<\/em>&nbsp;dal 10 al 12 febbraio, ha decretato oggi i suoi vincitori.<\/p>\n\n\n\n<p>Il Premio per il miglior&nbsp;Film&nbsp;\u00e8 andato a\u201cMy wings will protect you\u201d&nbsp;di Antonio Cuadri (Spagna); miglior Regista&nbsp;Fran\u00e7ois Lespes&nbsp;per&nbsp;\u201cBlessed: the Martyrs of Compi\u00e8gne\u201d&nbsp;(Francia); miglior Cortometraggio\u201cUn giorno in pi\u00f9\u201d di Fabio Bagnasco (Italia); miglior Documentario \u201cHoly Land\u201d di&nbsp;Glen MacKay (Israele).<\/p>\n\n\n\n<p>Ai vincitori scelti dalla&nbsp;<strong>Giuria&nbsp;internazionale<\/strong>&nbsp;\u2013 presieduta dalla principessa e attrice Maria Pia Ruspoli (Italia), e composta dal produttore austriaco Norbert Blecha, dall\u2019attore inglese Rupert Wynne-James, dal giornalista vaticanista Luca Caruso e dallo sceneggiatore italiano Claudio Semboloni \u2013 viene conferito il&nbsp;<strong>Pesce d\u2019Argento<\/strong>, ispirato al primo simbolo cristiano. La statuetta consegnata ai vincitori \u00e8 realizzata dall\u2019artista americana Kim Boulukos.<\/p>\n\n\n\n<p><strong>1.832&nbsp;<\/strong><strong>le opere candidate<\/strong>&nbsp;per questa edizione, da cui sono stati selezionati&nbsp;<strong>i film finalisti<\/strong>, che provenivano da&nbsp;<strong>otto Paesi diversi<\/strong>: Francia, Giappone, Indonesia, Israele, Italia, Paraguay, Spagna, Stati Uniti.<\/p>\n\n\n\n<p>Ideato nel 2010 dalla regista e produttrice<strong>&nbsp;Liana Marabini<\/strong>&nbsp;per dare spazio ai produttori e ai registi di&nbsp;film, documentari, docu-fiction, serie tv, cortometraggi e programmi che promuovono valori morali universali e modelli positivi, il Festival \u00e8 nato sotto l\u2019Alto Patronato del Pontificio Consiglio per la Cultura, oggi&nbsp;<strong>Dicastero per la Cultura e l\u2019Educazione<\/strong>.<\/p>\n\n\n\n<p>La presidente del Festival,&nbsp;<strong>Liana Marabini<\/strong>, ha ringraziato la giuria e i numerosi produttori che da ogni parte del mondo hanno candidato le loro opere. \u201cLa categoria dei film cattolici \u2013 ha dichiarato \u2013 riceve sempre pi\u00f9 attenzione da parte di produttori e registi. Questo ci fa molto piacere, perch\u00e9 siamo convinti che il nostro Festival abbia contribuito a mettere in evidenza film che hanno ottenuto riconoscimenti importanti, che sono stati proiettati nei cinema del mondo intero, riscuotendo l\u2019attenzione della stampa e della critica cinematografica. Continueremo a lavorare sempre con passione per il nostro Festival, dando spazio a quanti vorranno esprimere o ispirare la Fede attraverso tutte le forme d\u2019arte. Vorrei anche ringraziare moltissimo il Dicastero per la Cultura e l\u2019Educazione, che ha creduto in noi fin dalla nascita del Festival, nel lontano 2010. L\u2019allora Pontificio Consiglio per la Cultura e il suo presidente, il cardinale Gianfranco Ravasi, sono sempre stati vicini a noi, incoraggiandoci ad andare avanti, cosa che abbiamo fatto e continueremo a fare\u201d.<\/p>\n\n\n\n<p><strong>Miglior Cortometraggio<\/strong><\/p>\n\n\n\n<p>\u201cUn giorno in pi\u00f9\u201d di Fabio Bagnasco (Italia)<\/p>\n\n\n\n<p>Il cortometraggio riflette sulla condizione umana, sul mistero del tempo e sul senso della vita, ispirandosi al&nbsp;<em>De brevitate vitae<\/em>&nbsp;di Seneca. Attraverso una narrazione sospesa tra realt\u00e0, memoria e dimensione interiore, il film segue il percorso di un uomo anziano che si confronta con la fine della propria vita e con il desiderio, intimo e universale, di avere ancora un giorno per comprendere, riconciliarsi, rinascere.<\/p>\n\n\n\n<p>Gli altri cortometraggi finalisti erano: \u201cConfessio\u201d di&nbsp;Cornel Yobellakama Innocensi (Indonesia)&nbsp;e \u201cGold, gusts &amp; God: St. Teresa of Avila catholic church\u201d di&nbsp;David Harrison (USA).<\/p>\n\n\n\n<p><strong>Miglior Documentario<\/strong><\/p>\n\n\n\n<p>\u201cHoly Land\u201d di&nbsp;Glen MacKay (Israele)<\/p>\n\n\n\n<p>Uno sguardo contemporaneo sulla Terra Santa, in un documentario che descrive la nascita, la vita e la resurrezione di Ges\u00f9 Cristo da diverse prospettive. Dal punto di vista del viaggio, lo spettatore viene trasportato in Galilea, dove Ges\u00f9 trascorse gran parte della sua vita predicando, guarendo e compiendo miracoli, e in Giudea, dove nacque e poi mor\u00ec mediante crocifissione. Dal punto di vista spirituale, gli spettatori possono riflettere sul concetto di immortalit\u00e0 e sulla grande valenza spirituale della Terra Santa.<\/p>\n\n\n\n<p>Gli altri documentari finalisti erano: \u201cFrom Cimabue to Giotto\u201d&nbsp;di Juliette Garcias (Francia), e \u201cBehind bars, faith\u201d&nbsp;di Cecylia Ran\u00e7on (Francia).<\/p>\n\n\n\n<p><strong>Miglior Film<\/strong><\/p>\n\n\n\n<p>\u201cMy wings will protect you\u201d&nbsp;di Antonio Cuadri (Spagna)<\/p>\n\n\n\n<p>Wentinam, un ragazzo orfano che vive nelle strade di Kara, in Togo, sopravvive all\u2019oscurit\u00e0 e alla miseria finch\u00e9 non trova speranza nella \u201cCitt\u00e0 dei Bambini\u201d e nel sostegno di un missionario spagnolo, intraprendendo un cammino verso la redenzione e un futuro migliore.<\/p>\n\n\n\n<p>Gli altri film finalisti erano: \u201cSacr\u00e9-Coeur\u201d&nbsp;di Sabrina &amp; Steven Gunnell (Francia) e&nbsp;\u201cBe brave\u201d&nbsp;di Marcelo Jos\u00e9 Torcida (Paraguay).<\/p>\n\n\n\n<p><strong>Miglior Regista<\/strong><\/p>\n\n\n\n<p>Fran\u00e7ois Lespes&nbsp;per&nbsp;\u201cBlessed: the Martyrs of Compi\u00e8gne\u201d&nbsp;(Francia)<\/p>\n\n\n\n<p>Uno straordinario documentario con il quale il regista Fran\u00e7ois Lespes esplora il tragico destino delle martiri carmelitane di Compi\u00e8gne durante la Rivoluzione francese. Queste 16 suore, che avevano giurato di dare la vita per ristabilire la pace nella Chiesa e nello Stato, furono giustiziate tramite ghigliottina il 17 luglio 1794, con la falsa accusa di fanatismo e sedizione. Papa Francesco le ha proclamate sante il 18 dicembre 2024 per equipollenza.<\/p>\n\n\n\n<p>Gli altri registi finalisti erano:&nbsp;Manuel Cabo&nbsp;per&nbsp;\u201cA thousand legends, one Grail\u201d&nbsp;(Spagna) e Ian Higgins e Dominic Higgins per&nbsp;\u201cNagasaki\u201d&nbsp;(Giappone).<\/p>\n","protected":false},"excerpt":{"rendered":"<div class=\"slide-text-bg2\"><span>Cinema, i vincitori della XVII edizione del Festival del Film Cattolico \u201cMirabile Dictu\u201d Pesce d\u2019argento al film&nbsp;\u201cMy wings will protect you\u201d<\/span><\/div>\n<div class=\"slide-btn-area-sm\"><a href=\"https:\/\/www.mirabiledictu-icff.com\/?page_id=1115\" class=\"slide-btn-sm\">Lire la suite<\/a><\/div>\n","protected":false},"author":1,"featured_media":0,"parent":0,"menu_order":0,"comment_status":"closed","ping_status":"closed","template":"","meta":{"footnotes":""},"class_list":["post-1115","page","type-page","status-publish","hentry"],"_links":{"self":[{"href":"https:\/\/www.mirabiledictu-icff.com\/index.php?rest_route=\/wp\/v2\/pages\/1115","targetHints":{"allow":["GET"]}}],"collection":[{"href":"https:\/\/www.mirabiledictu-icff.com\/index.php?rest_route=\/wp\/v2\/pages"}],"about":[{"href":"https:\/\/www.mirabiledictu-icff.com\/index.php?rest_route=\/wp\/v2\/types\/page"}],"author":[{"embeddable":true,"href":"https:\/\/www.mirabiledictu-icff.com\/index.php?rest_route=\/wp\/v2\/users\/1"}],"replies":[{"embeddable":true,"href":"https:\/\/www.mirabiledictu-icff.com\/index.php?rest_route=%2Fwp%2Fv2%2Fcomments&post=1115"}],"version-history":[{"count":1,"href":"https:\/\/www.mirabiledictu-icff.com\/index.php?rest_route=\/wp\/v2\/pages\/1115\/revisions"}],"predecessor-version":[{"id":1116,"href":"https:\/\/www.mirabiledictu-icff.com\/index.php?rest_route=\/wp\/v2\/pages\/1115\/revisions\/1116"}],"wp:attachment":[{"href":"https:\/\/www.mirabiledictu-icff.com\/index.php?rest_route=%2Fwp%2Fv2%2Fmedia&parent=1115"}],"curies":[{"name":"wp","href":"https:\/\/api.w.org\/{rel}","templated":true}]}}